{"id":3,"date":"2025-01-07T14:53:08","date_gmt":"2025-01-07T13:53:08","guid":{"rendered":"https:\/\/si.scheruebel.at\/?page_id=3"},"modified":"2025-04-09T18:54:02","modified_gmt":"2025-04-09T16:54:02","slug":"datenschutzerklaerung","status":"publish","type":"page","link":"https:\/\/si.scheruebel.at\/?page_id=3","title":{"rendered":"Datenschutzerkl\u00e4rung"},"content":{"rendered":"\t\t<div data-elementor-type=\"wp-page\" data-elementor-id=\"3\" class=\"elementor elementor-3\" data-elementor-post-type=\"page\">\n\t\t\t\t<div class=\"elementor-element elementor-element-66cd035 e-flex e-con-boxed e-con e-parent\" data-id=\"66cd035\" data-element_type=\"container\" data-e-type=\"container\" data-settings=\"{&quot;jet_parallax_layout_list&quot;:[]}\">\n\t\t\t\t\t<div class=\"e-con-inner\">\n\t\t<div class=\"elementor-element elementor-element-4b867c0 e-con-full e-flex e-con e-child\" data-id=\"4b867c0\" data-element_type=\"container\" data-e-type=\"container\" data-settings=\"{&quot;jet_parallax_layout_list&quot;:[]}\">\n\t\t\t\t<div class=\"elementor-element elementor-element-df4067e elementor-widget__width-auto elementor-invisible elementor-widget elementor-widget-heading\" data-id=\"df4067e\" data-element_type=\"widget\" data-e-type=\"widget\" data-settings=\"{&quot;_animation&quot;:&quot;fadeInLeft&quot;}\" data-widget_type=\"heading.default\">\n\t\t\t\t<div class=\"elementor-widget-container\">\n\t\t\t\t\t<h2 class=\"elementor-heading-title elementor-size-default\">Datenschutzerkl\u00e4rung<\/h2>\t\t\t\t<\/div>\n\t\t\t\t<\/div>\n\t\t\t\t<\/div>\n\t\t\t\t<div class=\"elementor-element elementor-element-29dde77 elementor-widget-divider--view-line elementor-widget elementor-widget-divider\" data-id=\"29dde77\" data-element_type=\"widget\" data-e-type=\"widget\" data-widget_type=\"divider.default\">\n\t\t\t\t<div class=\"elementor-widget-container\">\n\t\t\t\t\t\t\t<div class=\"elementor-divider\">\n\t\t\t<span class=\"elementor-divider-separator\">\n\t\t\t\t\t\t<\/span>\n\t\t<\/div>\n\t\t\t\t\t\t<\/div>\n\t\t\t\t<\/div>\n\t\t\t\t\t<\/div>\n\t\t\t\t<\/div>\n\t\t<div class=\"elementor-element elementor-element-1f2ed149 e-flex e-con-boxed e-con e-parent\" data-id=\"1f2ed149\" data-element_type=\"container\" data-e-type=\"container\" data-settings=\"{&quot;jet_parallax_layout_list&quot;:[]}\">\n\t\t\t\t\t<div class=\"e-con-inner\">\n\t\t\t\t<div class=\"elementor-element elementor-element-30447275 elementor-widget elementor-widget-text-editor\" data-id=\"30447275\" data-element_type=\"widget\" data-e-type=\"widget\" data-widget_type=\"text-editor.default\">\n\t\t\t\t<div class=\"elementor-widget-container\">\n\t\t\t\t\t\t\t\t\t<h3 class=\"\" data-start=\"307\" data-end=\"329\">1. Verantwortlicher<\/h3><p class=\"\" data-start=\"330\" data-end=\"460\">Scher\u00fcbel\u2019s S\u00f6hne GmbH<br data-start=\"352\" data-end=\"355\" \/>Hauptstra\u00dfe 49<br data-start=\"369\" data-end=\"372\" \/>8793 Trofaiach, \u00d6sterreich<br data-start=\"398\" data-end=\"401\" \/>E-Mail: <a rel=\"noopener\" data-start=\"409\" data-end=\"429\">office@si.scheruebel.at<\/a><br data-start=\"429\" data-end=\"432\" \/>Telefon: +43 (0) 3847 8113<\/p><h3 class=\"\" data-start=\"462\" data-end=\"491\">2. Datenschutzbeauftragter<\/h3><p class=\"\" data-start=\"492\" data-end=\"577\">Ein Datenschutzbeauftragter ist aufgrund der Unternehmensgr\u00f6\u00dfe derzeit nicht benannt.<\/p><h3 class=\"\" data-start=\"579\" data-end=\"674\">3. Erhebung und Speicherung personenbezogener Daten sowie Art und Zweck von deren Verwendung<\/h3><h4 class=\"\" data-start=\"676\" data-end=\"706\">a) Beim Besuch der Website<\/h4><p class=\"\" data-start=\"707\" data-end=\"835\">Beim Aufrufen unserer Website werden folgende Daten automatisch durch den Browser an unseren Server \u00fcbermittelt und gespeichert:<\/p><ul data-start=\"837\" data-end=\"1053\"><li class=\"\" data-start=\"837\" data-end=\"849\"><p class=\"\" data-start=\"839\" data-end=\"849\">IP-Adresse<\/p><\/li><li class=\"\" data-start=\"850\" data-end=\"882\"><p class=\"\" data-start=\"852\" data-end=\"882\">Datum und Uhrzeit des Zugriffs<\/p><\/li><li class=\"\" data-start=\"883\" data-end=\"919\"><p class=\"\" data-start=\"885\" data-end=\"919\">Name und URL der abgerufenen Datei<\/p><\/li><li class=\"\" data-start=\"920\" data-end=\"977\"><p class=\"\" data-start=\"922\" data-end=\"977\">Website, von der aus der Zugriff erfolgt (Referrer-URL)<\/p><\/li><li class=\"\" data-start=\"978\" data-end=\"1023\"><p class=\"\" data-start=\"980\" data-end=\"1023\">Verwendeter Browser und ggf. Betriebssystem<\/p><\/li><li class=\"\" data-start=\"1024\" data-end=\"1053\"><p class=\"\" data-start=\"1026\" data-end=\"1053\">Name Ihres Access-Providers<\/p><\/li><\/ul><p class=\"\" data-start=\"1055\" data-end=\"1169\"><strong data-start=\"1055\" data-end=\"1064\">Zweck<\/strong>: Verbindungsaufbau, Systemsicherheit, Administration.<br data-start=\"1118\" data-end=\"1121\" \/><strong data-start=\"1121\" data-end=\"1140\">Rechtsgrundlage<\/strong>: Art. 6 Abs. 1 lit. f DSGVO.<\/p><h4 class=\"\" data-start=\"1171\" data-end=\"1193\">b) Kontaktformular<\/h4><p class=\"\" data-start=\"1194\" data-end=\"1339\">Daten: Name, E-Mail-Adresse, Nachricht.<br data-start=\"1233\" data-end=\"1236\" \/><strong data-start=\"1236\" data-end=\"1245\">Zweck<\/strong>: Bearbeitung Ihrer Anfrage.<br data-start=\"1273\" data-end=\"1276\" \/><strong data-start=\"1276\" data-end=\"1295\">Rechtsgrundlage<\/strong>: Art. 6 Abs. 1 lit. a DSGVO (Einwilligung).<\/p><h4 class=\"\" data-start=\"1341\" data-end=\"1364\">c) Google reCAPTCHA<\/h4><p class=\"\" data-start=\"1365\" data-end=\"1605\">Wir nutzen &#8222;Google reCAPTCHA&#8220; von Google Ireland Limited, Gordon House, Barrow Street, Dublin 4, Irland, zum Schutz unserer Formulare.<br data-start=\"1499\" data-end=\"1502\" \/>Hierbei werden personenbezogene Daten wie IP-Adresse, Browser- und Nutzungsdaten an Google \u00fcbermittelt.<\/p><p class=\"\" data-start=\"1607\" data-end=\"1689\"><strong data-start=\"1607\" data-end=\"1626\">Rechtsgrundlage<\/strong>: Art. 6 Abs. 1 lit. a DSGVO (Einwilligung \u00fcber Cookie-Banner).<\/p><p class=\"\" data-start=\"1691\" data-end=\"1790\">Weitere Informationen:<br data-start=\"1713\" data-end=\"1716\" \/><a target=\"_new\" rel=\"noopener\" data-start=\"1716\" data-end=\"1790\">https:\/\/policies.google.com\/privacy<\/a><\/p><h3 class=\"\" data-start=\"1792\" data-end=\"1818\">4. Weitergabe von Daten<\/h3><p class=\"\" data-start=\"1819\" data-end=\"1827\">Nur bei:<\/p><ul data-start=\"1828\" data-end=\"1903\"><li class=\"\" data-start=\"1828\" data-end=\"1842\"><p class=\"\" data-start=\"1830\" data-end=\"1842\">Einwilligung<\/p><\/li><li class=\"\" data-start=\"1843\" data-end=\"1858\"><p class=\"\" data-start=\"1845\" data-end=\"1858\">Rechtspflicht<\/p><\/li><li class=\"\" data-start=\"1859\" data-end=\"1878\"><p class=\"\" data-start=\"1861\" data-end=\"1878\">Vertragserf\u00fcllung<\/p><\/li><li class=\"\" data-start=\"1879\" data-end=\"1903\"><p class=\"\" data-start=\"1881\" data-end=\"1903\">berechtigtem Interesse<\/p><\/li><\/ul><p class=\"\" data-start=\"1905\" data-end=\"1946\">Keine Weitergabe an unberechtigte Dritte.<\/p><h3 class=\"\" data-start=\"1948\" data-end=\"1961\">5. Hosting<\/h3><p class=\"\" data-start=\"1962\" data-end=\"2063\">Unsere Website wird bei <strong data-start=\"1986\" data-end=\"2011\">A1 Telekom Austria AG<\/strong>, Lassallestra\u00dfe 9, 1020 Wien gehostet (EU-Hosting).<\/p><h3 class=\"\" data-start=\"2065\" data-end=\"2078\">6. Cookies<\/h3><p class=\"\" data-start=\"2079\" data-end=\"2329\">Auf unserer Website werden Cookies verwendet.<br data-start=\"2124\" data-end=\"2127\" \/>Technisch notwendige Cookies erfolgen auf Basis Art. 6 Abs. 1 lit. f DSGVO.<br data-start=\"2202\" data-end=\"2205\" \/>Cookies zur Nutzung von Google reCAPTCHA und anderen Diensten nur auf Basis Ihrer Einwilligung (Art. 6 Abs. 1 lit. a DSGVO).<\/p><h3 class=\"\" data-start=\"2331\" data-end=\"2350\">7. Analyse-Tools<\/h3><p class=\"\" data-start=\"2351\" data-end=\"2406\">Keine Webanalyse-Tools wie Google Analytics im Einsatz.<\/p><h3 class=\"\" data-start=\"2408\" data-end=\"2431\">8. Betroffenenrechte<\/h3><p class=\"\" data-start=\"2432\" data-end=\"2538\">Rechte auf Auskunft, Berichtigung, L\u00f6schung, Einschr\u00e4nkung, Daten\u00fcbertragbarkeit, Widerruf und Beschwerde.<\/p><p class=\"\" data-start=\"2540\" data-end=\"2636\">Zust\u00e4ndige Aufsichtsbeh\u00f6rde:<br data-start=\"2568\" data-end=\"2571\" \/>\u00d6sterreichische Datenschutzbeh\u00f6rde, Barichgasse 40\u201342, 1030 Wien.<\/p><h3 class=\"\" data-start=\"2638\" data-end=\"2661\">9. Widerspruchsrecht<\/h3><p class=\"\" data-start=\"2662\" data-end=\"2735\">Widerspruch gegen Verarbeitung auf Basis berechtigter Interessen m\u00f6glich.<\/p><h3 class=\"\" data-start=\"2737\" data-end=\"2759\">10. Datensicherheit<\/h3><p class=\"\" data-start=\"2760\" data-end=\"2790\">SSL\/TLS-Verschl\u00fcsselung aktiv.<\/p><h3 class=\"\" data-start=\"2792\" data-end=\"2850\">11. Aktualit\u00e4t und \u00c4nderung dieser Datenschutzerkl\u00e4rung<\/h3><p class=\"\" data-start=\"2851\" data-end=\"2921\">Stand: April 2025.<br data-start=\"2869\" data-end=\"2872\" \/>Anpassungen erfolgen bei gesetzlichen \u00c4nderungen.<\/p>\t\t\t\t\t\t\t\t<\/div>\n\t\t\t\t<\/div>\n\t\t\t\t\t<\/div>\n\t\t\t\t<\/div>\n\t\t\t\t<\/div>\n\t\t","protected":false},"excerpt":{"rendered":"<p>Datenschutzerkl\u00e4rung 1. Verantwortlicher Scher\u00fcbel\u2019s S\u00f6hne GmbHHauptstra\u00dfe 498793 Trofaiach, \u00d6sterreichE-Mail: office@si.scheruebel.atTelefon: +43 (0) 3847 8113 2. Datenschutzbeauftragter Ein Datenschutzbeauftragter ist aufgrund der Unternehmensgr\u00f6\u00dfe derzeit nicht benannt. 3. Erhebung und Speicherung personenbezogener Daten sowie Art und Zweck von deren Verwendung a) Beim Besuch der Website Beim Aufrufen unserer Website werden folgende Daten automatisch durch den Browser an [&hellip;]<\/p>\n","protected":false},"author":1,"featured_media":0,"parent":0,"menu_order":120,"comment_status":"closed","ping_status":"closed","template":"","meta":{"footnotes":""},"class_list":["post-3","page","type-page","status-publish","hentry"],"_links":{"self":[{"href":"https:\/\/si.scheruebel.at\/index.php?rest_route=\/wp\/v2\/pages\/3","targetHints":{"allow":["GET"]}}],"collection":[{"href":"https:\/\/si.scheruebel.at\/index.php?rest_route=\/wp\/v2\/pages"}],"about":[{"href":"https:\/\/si.scheruebel.at\/index.php?rest_route=\/wp\/v2\/types\/page"}],"author":[{"embeddable":true,"href":"https:\/\/si.scheruebel.at\/index.php?rest_route=\/wp\/v2\/users\/1"}],"replies":[{"embeddable":true,"href":"https:\/\/si.scheruebel.at\/index.php?rest_route=%2Fwp%2Fv2%2Fcomments&post=3"}],"version-history":[{"count":0,"href":"https:\/\/si.scheruebel.at\/index.php?rest_route=\/wp\/v2\/pages\/3\/revisions"}],"wp:attachment":[{"href":"https:\/\/si.scheruebel.at\/index.php?rest_route=%2Fwp%2Fv2%2Fmedia&parent=3"}],"curies":[{"name":"wp","href":"https:\/\/api.w.org\/{rel}","templated":true}]}}